{"id":657,"date":"2024-11-25T21:12:12","date_gmt":"2024-11-25T20:12:12","guid":{"rendered":"https:\/\/a-lexautoritatcu-7r3e0yeymp.live-website.com\/?page_id=657"},"modified":"2024-12-17T13:55:28","modified_gmt":"2024-12-17T12:55:28","slug":"https-autoritat-customs-de-lack","status":"publish","type":"page","link":"https:\/\/autorit\u00e4t-customs.de\/?page_id=657","title":{"rendered":"Lack"},"content":{"rendered":"\t\t<div data-elementor-type=\"wp-page\" data-elementor-id=\"657\" class=\"elementor elementor-657\">\n\t\t\t\t<div class=\"elementor-element elementor-element-d049439 e-con-full e-flex wpr-particle-no wpr-jarallax-no wpr-parallax-no wpr-sticky-section-no e-con e-parent\" data-id=\"d049439\" data-element_type=\"container\" data-e-type=\"container\" data-settings=\"{&quot;background_background&quot;:&quot;classic&quot;}\">\n\t\t\t\t<div class=\"elementor-element elementor-element-cb2b007 elementor-widget elementor-widget-spacer\" data-id=\"cb2b007\" data-element_type=\"widget\" data-e-type=\"widget\" data-widget_type=\"spacer.default\">\n\t\t\t\t<div class=\"elementor-widget-container\">\n\t\t\t\t\t\t\t<div class=\"elementor-spacer\">\n\t\t\t<div class=\"elementor-spacer-inner\"><\/div>\n\t\t<\/div>\n\t\t\t\t\t\t<\/div>\n\t\t\t\t<\/div>\n\t\t\t\t<div class=\"elementor-element elementor-element-2aa18db elementor-widget__width-initial elementor-widget elementor-widget-heading\" data-id=\"2aa18db\" data-element_type=\"widget\" data-e-type=\"widget\" data-widget_type=\"heading.default\">\n\t\t\t\t<div class=\"elementor-widget-container\">\n\t\t\t\t\t<h2 class=\"elementor-heading-title elementor-size-default\">Professionelle Lackierung bei Autorit\u00e4t Customs<\/h2>\t\t\t\t<\/div>\n\t\t\t\t<\/div>\n\t\t\t\t<div class=\"elementor-element elementor-element-e031988 elementor-widget elementor-widget-spacer\" data-id=\"e031988\" data-element_type=\"widget\" data-e-type=\"widget\" data-widget_type=\"spacer.default\">\n\t\t\t\t<div class=\"elementor-widget-container\">\n\t\t\t\t\t\t\t<div class=\"elementor-spacer\">\n\t\t\t<div class=\"elementor-spacer-inner\"><\/div>\n\t\t<\/div>\n\t\t\t\t\t\t<\/div>\n\t\t\t\t<\/div>\n\t\t\t\t<\/div>\n\t\t<div class=\"elementor-element elementor-element-21b8724 e-con-full e-flex wpr-particle-no wpr-jarallax-no wpr-parallax-no wpr-sticky-section-no e-con e-parent\" data-id=\"21b8724\" data-element_type=\"container\" data-e-type=\"container\">\n\t\t\t\t<div class=\"elementor-element elementor-element-8250d92 elementor-widget__width-initial elementor-widget elementor-widget-text-editor\" data-id=\"8250d92\" data-element_type=\"widget\" data-e-type=\"widget\" data-widget_type=\"text-editor.default\">\n\t\t\t\t<div class=\"elementor-widget-container\">\n\t\t\t\t\t\t\t\t\t<p>Geben Sie Ihrem Fahrzeug einen neuen Glanz! Bei <strong>Autorit\u00e4t Customs<\/strong> bieten wir hochwertige Lackierarbeiten f\u00fcr alle Fahrzeugtypen \u2013 ob Neulackierung, Farbwechsel oder Reparaturlackierung. Mit modernster Technik und sorgf\u00e4ltiger Handarbeit sorgen wir f\u00fcr ein makelloses Ergebnis, das langlebig und beeindruckend ist.<\/p>\t\t\t\t\t\t\t\t<\/div>\n\t\t\t\t<\/div>\n\t\t\t\t<div class=\"elementor-element elementor-element-d3032c4 elementor-widget elementor-widget-spacer\" data-id=\"d3032c4\" data-element_type=\"widget\" data-e-type=\"widget\" data-widget_type=\"spacer.default\">\n\t\t\t\t<div class=\"elementor-widget-container\">\n\t\t\t\t\t\t\t<div class=\"elementor-spacer\">\n\t\t\t<div class=\"elementor-spacer-inner\"><\/div>\n\t\t<\/div>\n\t\t\t\t\t\t<\/div>\n\t\t\t\t<\/div>\n\t\t\t\t<\/div>\n\t\t<div class=\"elementor-element elementor-element-8c10b14 e-flex e-con-boxed wpr-particle-no wpr-jarallax-no wpr-parallax-no wpr-sticky-section-no e-con e-parent\" data-id=\"8c10b14\" data-element_type=\"container\" data-e-type=\"container\">\n\t\t\t\t\t<div class=\"e-con-inner\">\n\t\t<div class=\"elementor-element elementor-element-c590c7d e-con-full e-flex wpr-particle-no wpr-jarallax-no wpr-parallax-no wpr-sticky-section-no e-con e-child\" data-id=\"c590c7d\" data-element_type=\"container\" data-e-type=\"container\">\n\t\t\t\t<div class=\"elementor-element elementor-element-68a0624 wpr-promo-box-style-cover elementor-widget elementor-widget-wpr-promo-box\" data-id=\"68a0624\" data-element_type=\"widget\" data-e-type=\"widget\" data-widget_type=\"wpr-promo-box.default\">\n\t\t\t\t<div class=\"elementor-widget-container\">\n\t\t\t\t\t\n\t\t<div class=\"wpr-promo-box wpr-animation-wrap\">\n\n\t\t\t\t\t\t\t\n\t\t\t\t\t\t\t<div class=\"wpr-promo-box-image\">\n\t\t\t\t\t<div class=\"wpr-promo-box-bg-image wpr-bg-anim-zoom-in wpr-anim-timing-linear\" style=\"background-image:url(https:\/\/autorit\u00e4t-customs.de\/wp-content\/uploads\/2024\/11\/challenger1-768x300.jpeg);\"><\/div>\n\t\t\t\t\t<div class=\"wpr-promo-box-bg-overlay wpr-border-anim-oscar\"><\/div>\n\t\t\t\t<\/div>\n\t\t\t\t\t\t\n\t\t\t<div class=\"wpr-promo-box-content\">\n\n\t\t\t\t\n\t\t\t\t<h3 class=\"wpr-promo-box-title\"><span>Oldtimer- und Youngtimer-Lackierung \u2013 Perfektion bis ins Detail<\/span><\/h3>\n\t\t\t\t\t\t\t\t\t<div class=\"wpr-promo-box-description\">\n\t\t\t\t\t\t<p><p><br \/>Verleihen Sie Ihrem Klassiker neuen Glanz! Bei <strong>Autorit\u00e4t Customs<\/strong> bieten wir professionelle Lackierungen f\u00fcr Oldtimer und Youngtimer. Ob originalgetreu oder individuell \u2013 wir sorgen f\u00fcr makellose Oberfl\u00e4chen und langlebigen Schutz. <strong>Jetzt Termin vereinbaren und den Wert Ihres Fahrzeugs steigern!<\/strong><\/p><\/p>\t\n\t\t\t\t\t<\/div>\t\t\t\t\t\t\n\t\t\t\t\n\t\t\t\t\t\t\t<\/div>\n\n\t\t\t\t\t<\/div>\n\n\t\t\t\t\t\t<\/div>\n\t\t\t\t<\/div>\n\t\t\t\t<\/div>\n\t\t<div class=\"elementor-element elementor-element-aee6080 e-con-full e-flex wpr-particle-no wpr-jarallax-no wpr-parallax-no wpr-sticky-section-no e-con e-child\" data-id=\"aee6080\" data-element_type=\"container\" data-e-type=\"container\">\n\t\t\t\t<div class=\"elementor-element elementor-element-d423502 wpr-promo-box-style-cover elementor-widget elementor-widget-wpr-promo-box\" data-id=\"d423502\" data-element_type=\"widget\" data-e-type=\"widget\" data-widget_type=\"wpr-promo-box.default\">\n\t\t\t\t<div class=\"elementor-widget-container\">\n\t\t\t\t\t\n\t\t<div class=\"wpr-promo-box wpr-animation-wrap\">\n\n\t\t\t\t\t\t\t\n\t\t\t\t\t\t\t<div class=\"wpr-promo-box-image\">\n\t\t\t\t\t<div class=\"wpr-promo-box-bg-image wpr-bg-anim-zoom-in wpr-anim-timing-linear\" style=\"background-image:url(https:\/\/autorit\u00e4t-customs.de\/wp-content\/uploads\/2024\/11\/scheinwerfer-768x840.jpg);\"><\/div>\n\t\t\t\t\t<div class=\"wpr-promo-box-bg-overlay wpr-border-anim-oscar\"><\/div>\n\t\t\t\t<\/div>\n\t\t\t\t\t\t\n\t\t\t<div class=\"wpr-promo-box-content\">\n\n\t\t\t\t\t\t\t\t<div class=\"wpr-promo-box-icon\">\n\t\t\t\t\t\t\t\t\t<\/div>\n\t\t\t\t\n\t\t\t\t<h3 class=\"wpr-promo-box-title\"><span>Hochglanzpolitur f\u00fcr strahlenden Lack<\/span><\/h3>\n\t\t\t\t\t\t\t\t\t<div class=\"wpr-promo-box-description\">\n\t\t\t\t\t\t<p><p>Bringen Sie den Lack Ihres Fahrzeugs zum Gl\u00e4nzen! Mit unserer professionellen <strong>Hochglanzpolitur<\/strong> entfernen wir Kratzer, verleihen intensiven Glanz und sch\u00fctzen die Oberfl\u00e4che langfristig. F\u00fcr ein makelloses Finish \u2013 <strong>jetzt Termin vereinbaren bei Autorit\u00e4t Customs!<\/strong><\/p><\/p>\t\n\t\t\t\t\t<\/div>\t\t\t\t\t\t\n\t\t\t\t\n\t\t\t\t\t\t\t<\/div>\n\n\t\t\t\t\t<\/div>\n\n\t\t\t\t\t\t<\/div>\n\t\t\t\t<\/div>\n\t\t\t\t<\/div>\n\t\t\t\t\t<\/div>\n\t\t\t\t<\/div>\n\t\t<div class=\"elementor-element elementor-element-bca534d e-flex e-con-boxed wpr-particle-no wpr-jarallax-no wpr-parallax-no wpr-sticky-section-no e-con e-parent\" data-id=\"bca534d\" data-element_type=\"container\" data-e-type=\"container\">\n\t\t\t\t\t<div class=\"e-con-inner\">\n\t\t\t\t<div class=\"elementor-element elementor-element-419f11f elementor-widget elementor-widget-spacer\" data-id=\"419f11f\" data-element_type=\"widget\" data-e-type=\"widget\" data-widget_type=\"spacer.default\">\n\t\t\t\t<div class=\"elementor-widget-container\">\n\t\t\t\t\t\t\t<div class=\"elementor-spacer\">\n\t\t\t<div class=\"elementor-spacer-inner\"><\/div>\n\t\t<\/div>\n\t\t\t\t\t\t<\/div>\n\t\t\t\t<\/div>\n\t\t\t\t<div class=\"elementor-element elementor-element-17006b5 elementor-widget elementor-widget-heading\" data-id=\"17006b5\" data-element_type=\"widget\" data-e-type=\"widget\" data-widget_type=\"heading.default\">\n\t\t\t\t<div class=\"elementor-widget-container\">\n\t\t\t\t\t<h2 class=\"elementor-heading-title elementor-size-default\">Smart Repair <\/h2>\t\t\t\t<\/div>\n\t\t\t\t<\/div>\n\t\t\t\t<div class=\"elementor-element elementor-element-698b69c elementor-widget__width-initial elementor-widget elementor-widget-text-editor\" data-id=\"698b69c\" data-element_type=\"widget\" data-e-type=\"widget\" data-widget_type=\"text-editor.default\">\n\t\t\t\t<div class=\"elementor-widget-container\">\n\t\t\t\t\t\t\t\t\t<p>Kleine Lacksch\u00e4den, Kratzer oder Dellen? Mit unserem <strong>Smart Repair-Service<\/strong> beheben wir diese kosteng\u00fcnstig und zeitsparend. Pr\u00e4zise Ausbesserungen ohne komplette Neulackierung \u2013 f\u00fcr ein makelloses Ergebnis. <strong>Jetzt Termin vereinbaren und den Wert Ihres Fahrzeugs erhalten!<\/strong><\/p>\t\t\t\t\t\t\t\t<\/div>\n\t\t\t\t<\/div>\n\t\t\t\t<div class=\"elementor-element elementor-element-bf4e56c elementor-widget elementor-widget-spacer\" data-id=\"bf4e56c\" data-element_type=\"widget\" data-e-type=\"widget\" data-widget_type=\"spacer.default\">\n\t\t\t\t<div class=\"elementor-widget-container\">\n\t\t\t\t\t\t\t<div class=\"elementor-spacer\">\n\t\t\t<div class=\"elementor-spacer-inner\"><\/div>\n\t\t<\/div>\n\t\t\t\t\t\t<\/div>\n\t\t\t\t<\/div>\n\t\t\t\t\t<\/div>\n\t\t\t\t<\/div>\n\t\t<div class=\"elementor-element elementor-element-695f9b0 e-flex e-con-boxed wpr-particle-no wpr-jarallax-no wpr-parallax-no wpr-sticky-section-no e-con e-parent\" data-id=\"695f9b0\" data-element_type=\"container\" data-e-type=\"container\">\n\t\t\t\t\t<div class=\"e-con-inner\">\n\t\t<div class=\"elementor-element elementor-element-5bfce86 e-con-full e-flex wpr-particle-no wpr-jarallax-no wpr-parallax-no wpr-sticky-section-no e-con e-child\" data-id=\"5bfce86\" data-element_type=\"container\" data-e-type=\"container\">\n\t\t\t\t<div class=\"elementor-element elementor-element-cdec818 elementor-widget__width-initial elementor-widget elementor-widget-text-editor\" data-id=\"cdec818\" data-element_type=\"widget\" data-e-type=\"widget\" data-widget_type=\"text-editor.default\">\n\t\t\t\t<div class=\"elementor-widget-container\">\n\t\t\t\t\t\t\t\t\t<ul><li style=\"list-style-type: none;\"><ul><li><p><strong>Unser Lackierangebot umfasst:<\/strong><\/p><ul><li><strong>Komplettlackierung:<\/strong> Erneuern Sie das Erscheinungsbild Ihres Fahrzeugs mit einer frischen, makellosen Lackierung.<\/li><li><strong>Teillackierung:<\/strong> Perfekte Farbangleichung bei Kratzern, Dellen oder kleineren Sch\u00e4den.<\/li><li><strong>Sonderlackierungen:<\/strong> Individuelle Farben, Mattlacke oder Metallic-Effekte nach Wunsch.<\/li><li><strong>Lackpflege und Versiegelung:<\/strong> Langfristiger Schutz vor Umwelteinfl\u00fcssen und Kratzern.<\/li><\/ul><\/li><\/ul><\/li><\/ul>\t\t\t\t\t\t\t\t<\/div>\n\t\t\t\t<\/div>\n\t\t\t\t<\/div>\n\t\t<div class=\"elementor-element elementor-element-f0d1493 e-con-full e-flex wpr-particle-no wpr-jarallax-no wpr-parallax-no wpr-sticky-section-no e-con e-child\" data-id=\"f0d1493\" data-element_type=\"container\" data-e-type=\"container\">\n\t\t\t\t<div class=\"elementor-element elementor-element-7ffa55f elementor-widget elementor-widget-image\" data-id=\"7ffa55f\" data-element_type=\"widget\" data-e-type=\"widget\" data-widget_type=\"image.default\">\n\t\t\t\t<div class=\"elementor-widget-container\">\n\t\t\t\t\t\t\t\t\t\t\t\t\t\t\t<img fetchpriority=\"high\" decoding=\"async\" width=\"1024\" height=\"807\" src=\"https:\/\/autorit\u00e4t-customs.de\/wp-content\/uploads\/2024\/11\/sw2-e1732697401816-1024x807.jpg\" class=\"attachment-large size-large wp-image-680\" alt=\"\" srcset=\"https:\/\/autorit\u00e4t-customs.de\/wp-content\/uploads\/2024\/11\/sw2-e1732697401816-1024x807.jpg 1024w, https:\/\/autorit\u00e4t-customs.de\/wp-content\/uploads\/2024\/11\/sw2-e1732697401816-300x237.jpg 300w, https:\/\/autorit\u00e4t-customs.de\/wp-content\/uploads\/2024\/11\/sw2-e1732697401816-768x606.jpg 768w, https:\/\/autorit\u00e4t-customs.de\/wp-content\/uploads\/2024\/11\/sw2-e1732697401816.jpg 1277w\" sizes=\"(max-width: 1024px) 100vw, 1024px\" \/>\t\t\t\t\t\t\t\t\t\t\t\t\t\t\t<\/div>\n\t\t\t\t<\/div>\n\t\t\t\t<div class=\"elementor-element elementor-element-48351dc elementor-widget elementor-widget-spacer\" data-id=\"48351dc\" data-element_type=\"widget\" data-e-type=\"widget\" data-widget_type=\"spacer.default\">\n\t\t\t\t<div class=\"elementor-widget-container\">\n\t\t\t\t\t\t\t<div class=\"elementor-spacer\">\n\t\t\t<div class=\"elementor-spacer-inner\"><\/div>\n\t\t<\/div>\n\t\t\t\t\t\t<\/div>\n\t\t\t\t<\/div>\n\t\t\t\t<\/div>\n\t\t\t\t\t<\/div>\n\t\t\t\t<\/div>\n\t\t\t\t<\/div>\n\t\t","protected":false},"excerpt":{"rendered":"<p>Professionelle Lackierung bei Autorit\u00e4t Customs Geben Sie Ihrem Fahrzeug einen neuen Glanz! Bei Autorit\u00e4t Customs bieten wir hochwertige Lackierarbeiten f\u00fcr alle Fahrzeugtypen \u2013 ob Neulackierung, Farbwechsel oder Reparaturlackierung. Mit modernster Technik und sorgf\u00e4ltiger Handarbeit sorgen wir f\u00fcr ein makelloses Ergebnis, das langlebig und beeindruckend ist. Oldtimer- und Youngtimer-Lackierung \u2013 Perfektion bis ins Detail Verleihen Sie Ihrem Klassiker neuen Glanz! Bei Autorit\u00e4t Customs bieten wir professionelle Lackierungen f\u00fcr Oldtimer und Youngtimer. Ob originalgetreu oder individuell \u2013 wir sorgen f\u00fcr makellose Oberfl\u00e4chen und langlebigen Schutz. Jetzt Termin vereinbaren und den Wert Ihres Fahrzeugs steigern! Hochglanzpolitur f\u00fcr strahlenden Lack Bringen Sie den Lack Ihres Fahrzeugs zum Gl\u00e4nzen! Mit unserer professionellen Hochglanzpolitur entfernen wir Kratzer, verleihen intensiven Glanz und sch\u00fctzen die Oberfl\u00e4che langfristig. F\u00fcr ein makelloses Finish \u2013 jetzt Termin vereinbaren bei Autorit\u00e4t Customs! Smart Repair Kleine Lacksch\u00e4den, Kratzer oder Dellen? Mit unserem Smart Repair-Service beheben wir diese kosteng\u00fcnstig und zeitsparend. Pr\u00e4zise Ausbesserungen ohne komplette Neulackierung \u2013 f\u00fcr ein makelloses Ergebnis. Jetzt Termin vereinbaren und den Wert Ihres Fahrzeugs erhalten! Unser Lackierangebot umfasst: Komplettlackierung: Erneuern Sie das Erscheinungsbild Ihres Fahrzeugs mit einer frischen, makellosen Lackierung. Teillackierung: Perfekte Farbangleichung bei Kratzern, Dellen oder kleineren Sch\u00e4den. Sonderlackierungen: Individuelle Farben, Mattlacke oder Metallic-Effekte nach Wunsch. Lackpflege und Versiegelung: Langfristiger Schutz vor Umwelteinfl\u00fcssen und Kratzern.<\/p>\n","protected":false},"author":2,"featured_media":0,"parent":0,"menu_order":0,"comment_status":"closed","ping_status":"closed","template":"","meta":{"_kad_post_transparent":"","_kad_post_title":"hide","_kad_post_layout":"fullwidth","_kad_post_sidebar_id":"","_kad_post_content_style":"unboxed","_kad_post_vertical_padding":"hide","_kad_post_feature":"hide","_kad_post_feature_position":"","_kad_post_header":false,"_kad_post_footer":false,"_kad_post_classname":"","footnotes":""},"class_list":["post-657","page","type-page","status-publish","hentry"],"_links":{"self":[{"href":"https:\/\/autorit\u00e4t-customs.de\/index.php?rest_route=\/wp\/v2\/pages\/657","targetHints":{"allow":["GET"]}}],"collection":[{"href":"https:\/\/autorit\u00e4t-customs.de\/index.php?rest_route=\/wp\/v2\/pages"}],"about":[{"href":"https:\/\/autorit\u00e4t-customs.de\/index.php?rest_route=\/wp\/v2\/types\/page"}],"author":[{"embeddable":true,"href":"https:\/\/autorit\u00e4t-customs.de\/index.php?rest_route=\/wp\/v2\/users\/2"}],"replies":[{"embeddable":true,"href":"https:\/\/autorit\u00e4t-customs.de\/index.php?rest_route=%2Fwp%2Fv2%2Fcomments&post=657"}],"version-history":[{"count":34,"href":"https:\/\/autorit\u00e4t-customs.de\/index.php?rest_route=\/wp\/v2\/pages\/657\/revisions"}],"predecessor-version":[{"id":1035,"href":"https:\/\/autorit\u00e4t-customs.de\/index.php?rest_route=\/wp\/v2\/pages\/657\/revisions\/1035"}],"wp:attachment":[{"href":"https:\/\/autorit\u00e4t-customs.de\/index.php?rest_route=%2Fwp%2Fv2%2Fmedia&parent=657"}],"curies":[{"name":"wp","href":"https:\/\/api.w.org\/{rel}","templated":true}]}}